{"id":963,"date":"2018-08-16T08:14:14","date_gmt":"2018-08-16T06:14:14","guid":{"rendered":"http:\/\/beta.eiposgrados.com\/?page_id=963"},"modified":"2021-01-22T13:05:23","modified_gmt":"2021-01-22T12:05:23","slug":"contact-home-version-2","status":"publish","type":"page","link":"https:\/\/eiposgrados.com\/eng\/contacto-inicio-version-2\/","title":{"rendered":"Contact Home (version 2)"},"content":{"rendered":"<div class=\"wpforms-container wpforms-container-full wpforms-container-save-resume formulario-home btn-border\" id=\"wpforms-948\"><form id=\"wpforms-form-948\" class=\"wpforms-validate wpforms-form\" data-formid=\"948\" method=\"post\" enctype=\"multipart\/form-data\" action=\"\/eng\/wp-json\/wp\/v2\/pages\/963\" data-token=\"18c78afe55b4ba4573f943f09127f87e\" data-token-time=\"1779001964\"><noscript class=\"wpforms-error-noscript\">Please enable JavaScript in your browser to complete this form.<\/noscript><div class=\"wpforms-field-container\"><div id=\"wpforms-948-field_5-container\" class=\"wpforms-field wpforms-field-text wpforms-one-half wpforms-first\" data-field-id=\"5\"><label class=\"wpforms-field-label wpforms-label-hide\" for=\"wpforms-948-field_5\">Nombre <span class=\"wpforms-required-label\">*<\/span><\/label><input type=\"text\" id=\"wpforms-948-field_5\" class=\"wpforms-field-large wpforms-field-required\" name=\"wpforms[fields][5]\" placeholder=\"Nombre *\" required><\/div><div id=\"wpforms-948-field_21-container\" class=\"wpforms-field wpforms-field-text wpforms-one-half\" data-field-id=\"21\"><label class=\"wpforms-field-label wpforms-label-hide\" for=\"wpforms-948-field_21\">Apellidos <span class=\"wpforms-required-label\">*<\/span><\/label><input type=\"text\" id=\"wpforms-948-field_21\" class=\"wpforms-field-large wpforms-field-required\" name=\"wpforms[fields][21]\" placeholder=\"Apellidos *\" required><\/div><div id=\"wpforms-948-field_7-container\" class=\"wpforms-field wpforms-field-email wpforms-one-half wpforms-first\" data-field-id=\"7\"><label class=\"wpforms-field-label wpforms-label-hide\" for=\"wpforms-948-field_7\">Email <span class=\"wpforms-required-label\">*<\/span><\/label><input type=\"email\" id=\"wpforms-948-field_7\" class=\"wpforms-field-large wpforms-field-required\" name=\"wpforms[fields][7]\" placeholder=\"Email *\" spellcheck=\"false\" required><\/div><div id=\"wpforms-948-field_16-container\" class=\"wpforms-field wpforms-field-text wpforms-one-half\" data-field-id=\"16\"><label class=\"wpforms-field-label wpforms-label-hide\" for=\"wpforms-948-field_16\">Tel\u00e9fono de contacto <span class=\"wpforms-required-label\">*<\/span><\/label><input type=\"text\" id=\"wpforms-948-field_16\" class=\"wpforms-field-large wpforms-field-required\" name=\"wpforms[fields][16]\" placeholder=\"Tel\u00e9fono de contacto *\" required><\/div><div id=\"wpforms-948-field_6-container\" class=\"wpforms-field wpforms-field-text wpforms-one-half wpforms-first\" data-field-id=\"6\"><label class=\"wpforms-field-label wpforms-label-hide\" for=\"wpforms-948-field_6\">Pa\u00eds <span class=\"wpforms-required-label\">*<\/span><\/label><input type=\"text\" id=\"wpforms-948-field_6\" class=\"wpforms-field-large wpforms-field-required\" name=\"wpforms[fields][6]\" placeholder=\"Pa\u00eds *\" required><\/div><div id=\"wpforms-948-field_4-container\" class=\"wpforms-field wpforms-field-select wpforms-one-half wpforms-field-select-style-classic\" data-field-id=\"4\"><label class=\"wpforms-field-label wpforms-label-hide\" for=\"wpforms-948-field_4\">Quiero recibir informaci\u00f3n sobre <span class=\"wpforms-required-label\">*<\/span><\/label><select id=\"wpforms-948-field_4\" class=\"wpforms-field-large wpforms-field-required\" name=\"wpforms[fields][4]\" required=\"required\"><option value=\"\" class=\"placeholder\" disabled  selected='selected'>Elige tu posgrado*<\/option><option value=\"M\u00e1ster en Direcci\u00f3n Financiera, Contable y Control de Gesti\u00f3n\"  class=\"choice-9 depth-1\"  >M\u00e1ster en Direcci\u00f3n Financiera, Contable y Control de Gesti\u00f3n<\/option><option value=\"M\u00e1ster en RRHH: Direcci\u00f3n de Personas, Desarrollo de Talento y Gesti\u00f3n Laboral\"  class=\"choice-10 depth-1\"  >M\u00e1ster en RRHH: Direcci\u00f3n de Personas, Desarrollo de Talento y Gesti\u00f3n Laboral<\/option><option value=\"M\u00e1ster en Direcci\u00f3n de Compliance &amp; Protecci\u00f3n de datos\"  class=\"choice-18 depth-1\"  >M\u00e1ster en Direcci\u00f3n de Compliance &amp; Protecci\u00f3n de datos<\/option><option value=\"M\u00e1ster en Log\u00edstica y Direcci\u00f3n de Comercio Internacional\"  class=\"choice-19 depth-1\"  >M\u00e1ster en Log\u00edstica y Direcci\u00f3n de Comercio Internacional<\/option><option value=\"M\u00e1ster en Direcci\u00f3n Financiera y Consultor\u00eda Funcional SAP S\/4HANA\"  class=\"choice-24 depth-1\"  >M\u00e1ster en Direcci\u00f3n Financiera y Consultor\u00eda Funcional SAP S\/4HANA<\/option><option value=\"M\u00e1ster en Gesti\u00f3n Eficiente de las Energ\u00edas Renovables\"  class=\"choice-15 depth-1\"  >M\u00e1ster en Gesti\u00f3n Eficiente de las Energ\u00edas Renovables<\/option><option value=\"M\u00e1ster BIM y Gesti\u00f3n Eficiente de la Energ\u00eda\"  class=\"choice-17 depth-1\"  >M\u00e1ster BIM y Gesti\u00f3n Eficiente de la Energ\u00eda<\/option><option value=\"M\u00e1ster en Direcci\u00f3n de Ciberseguridad, Hacking \u00c9tico y Seguridad Ofensiva\"  class=\"choice-21 depth-1\"  >M\u00e1ster en Direcci\u00f3n de Ciberseguridad, Hacking \u00c9tico y Seguridad Ofensiva<\/option><option value=\"M\u00e1ster programaci\u00f3n avanzada en Python para Big Data, Hacking y Machine Learning\"  class=\"choice-22 depth-1\"  >M\u00e1ster programaci\u00f3n avanzada en Python para Big Data, Hacking y Machine Learning<\/option><option value=\"M\u00e1ster en Desarrollo Web Fullstack\"  class=\"choice-23 depth-1\"  >M\u00e1ster en Desarrollo Web Fullstack<\/option><\/select><\/div><div id=\"wpforms-948-field_23-container\" class=\"wpforms-field wpforms-field-checkbox info-por-whatsapp\" data-field-id=\"23\"><label class=\"wpforms-field-label wpforms-label-hide\">Casillas de verificaci\u00f3n<\/label><ul id=\"wpforms-948-field_23\"><li class=\"choice-1 depth-1\"><input type=\"checkbox\" id=\"wpforms-948-field_23_1\" name=\"wpforms[fields][23][]\" value=\"Tambi\u00e9n quiero recibir la informaci\u00f3n por WhatsApp\"  ><label class=\"wpforms-field-label-inline\" for=\"wpforms-948-field_23_1\">Tambi\u00e9n quiero recibir la informaci\u00f3n por WhatsApp<\/label><\/li><\/ul><\/div><div id=\"wpforms-948-field_10-container\" class=\"wpforms-field wpforms-field-checkbox consentimiento\" data-field-id=\"10\"><label class=\"wpforms-field-label wpforms-label-hide\">Acepto que mis datos personales sean tratados conforme a la pol\u00edtica de privacidad <span class=\"wpforms-required-label\">*<\/span><\/label><ul id=\"wpforms-948-field_10\" class=\"wpforms-field-required\"><li class=\"choice-1 depth-1\"><input type=\"checkbox\" id=\"wpforms-948-field_10_1\" name=\"wpforms[fields][10][]\" value=\"Doy mi consentimiento expreso y acepto la pol\u00edtica de privacidad.\" required ><label class=\"wpforms-field-label-inline\" for=\"wpforms-948-field_10_1\">Doy mi consentimiento expreso y acepto la pol\u00edtica de privacidad.<\/label><\/li><\/ul><div class=\"wpforms-field-description\">Podra\u0301s ejercer tus derechos de acceso, rectificacio\u0301n, limitacio\u0301n y suprimir los datos en cumplimiento@grupomainjobs.com asi\u0301 como el derecho a presentar una reclamacio\u0301n ante la autoridad de control. Puedes consultar la informacio\u0301n adicional y detallada sobre Proteccio\u0301n de datos en la Poli\u0301tica de Privacidad que encontrara\u0301s en nuestra pa\u0301gina web eiposgrados.edu.es<\/div><\/div><div id=\"wpforms-948-field_30-container\" class=\"wpforms-field wpforms-field-hidden\" data-field-id=\"30\"><input type=\"hidden\" id=\"wpforms-948-field_30\" name=\"wpforms[fields][30]\"><\/div><div id=\"wpforms-948-field_32-container\" class=\"wpforms-field wpforms-field-hidden\" data-field-id=\"32\"><input type=\"hidden\" id=\"wpforms-948-field_32\" name=\"wpforms[fields][32]\" value=\"https:\/\/eiposgrados.com\/eng\/wp-json\/wp\/v2\/pages\/963\"><\/div><div id=\"wpforms-948-field_33-container\" class=\"wpforms-field wpforms-field-hidden hidden_source ck_source\" data-field-id=\"33\"><input type=\"hidden\" id=\"wpforms-948-field_33\" name=\"wpforms[fields][33]\"><\/div><div id=\"wpforms-948-field_34-container\" class=\"wpforms-field wpforms-field-hidden hidden_medium ck_medium\" data-field-id=\"34\"><input type=\"hidden\" id=\"wpforms-948-field_34\" name=\"wpforms[fields][34]\"><\/div><div id=\"wpforms-948-field_35-container\" class=\"wpforms-field wpforms-field-hidden hidden_campaign ck_campaign\" data-field-id=\"35\"><input type=\"hidden\" id=\"wpforms-948-field_35\" name=\"wpforms[fields][35]\"><\/div><\/div><!-- .wpforms-field-container --><div class=\"wpforms-field wpforms-field-hp\"><label for=\"wpforms-948-field-hp\" class=\"wpforms-field-label\">Comment<\/label><input type=\"text\" name=\"wpforms[hp]\" id=\"wpforms-948-field-hp\" class=\"wpforms-field-medium\"><\/div><div class=\"wpforms-submit-container\" ><input type=\"hidden\" name=\"wpforms[id]\" value=\"948\"><input type=\"hidden\" name=\"page_title\" value=\"\"><input type=\"hidden\" name=\"page_url\" value=\"https:\/\/eiposgrados.com\/eng\/wp-json\/wp\/v2\/pages\/963\"><input type=\"hidden\" name=\"url_referer\" value=\"\"><button type=\"submit\" name=\"wpforms[submit]\" id=\"wpforms-submit-948\" class=\"wpforms-submit\" data-alt-text=\"Enviando...\" data-submit-text=\"Enviar solicitud\" aria-live=\"assertive\" value=\"wpforms-submit\">Enviar solicitud<\/button><\/div><\/form><\/div>  <!-- .wpforms-container -->\n","protected":false},"excerpt":{"rendered":"","protected":false},"author":2,"featured_media":0,"parent":0,"menu_order":0,"comment_status":"closed","ping_status":"closed","template":"","meta":{"inline_featured_image":false,"footnotes":""},"class_list":["post-963","page","type-page","status-publish"],"acf":[],"_links":{"self":[{"href":"https:\/\/eiposgrados.com\/eng\/wp-json\/wp\/v2\/pages\/963","targetHints":{"allow":["GET"]}}],"collection":[{"href":"https:\/\/eiposgrados.com\/eng\/wp-json\/wp\/v2\/pages"}],"about":[{"href":"https:\/\/eiposgrados.com\/eng\/wp-json\/wp\/v2\/types\/page"}],"author":[{"embeddable":true,"href":"https:\/\/eiposgrados.com\/eng\/wp-json\/wp\/v2\/users\/2"}],"replies":[{"embeddable":true,"href":"https:\/\/eiposgrados.com\/eng\/wp-json\/wp\/v2\/comments?post=963"}],"version-history":[{"count":0,"href":"https:\/\/eiposgrados.com\/eng\/wp-json\/wp\/v2\/pages\/963\/revisions"}],"wp:attachment":[{"href":"https:\/\/eiposgrados.com\/eng\/wp-json\/wp\/v2\/media?parent=963"}],"curies":[{"name":"wp","href":"https:\/\/api.w.org\/{rel}","templated":true}]}}