{"id":917,"date":"2018-08-14T11:10:53","date_gmt":"2018-08-14T09:10:53","guid":{"rendered":"http:\/\/beta.eiposgrados.com\/?page_id=917"},"modified":"2022-11-28T12:49:45","modified_gmt":"2022-11-28T11:49:45","slug":"join-us","status":"publish","type":"page","link":"https:\/\/eiposgrados.com\/eng\/unete-a-nosotros\/","title":{"rendered":"join us"},"content":{"rendered":"<div class=\"gb-container gb-container-f948858d alignfull\"><div class=\"gb-inside-container\">\n<div class=\"gb-grid-wrapper gb-grid-wrapper-66637773\">\n<div class=\"gb-grid-column gb-grid-column-03ebb7c8\"><div class=\"gb-container gb-container-03ebb7c8\"><div class=\"gb-inside-container\">\n\n<h1 class=\"gb-headline gb-headline-3461ab19 gb-headline-text\">join us<\/h1>\n\n\n\n<p><\/p>\n\n\n<div class=\"gb-container gb-container-45341bf4\"><div class=\"gb-inside-container\">\n<div class=\"wp-block-image\">\n<figure class=\"aligncenter size-large\"><img fetchpriority=\"high\" decoding=\"async\" width=\"1024\" height=\"462\" src=\"https:\/\/eiposgrados.com\/wp-content\/uploads\/2018\/07\/online-preinscripcion-1024x462.jpg\" alt=\"\" class=\"wp-image-422\" title=\"\" srcset=\"https:\/\/eiposgrados.com\/wp-content\/uploads\/2018\/07\/online-preinscripcion-1024x462.jpg 1024w, https:\/\/eiposgrados.com\/wp-content\/uploads\/2018\/07\/online-preinscripcion-300x135.jpg 300w, https:\/\/eiposgrados.com\/wp-content\/uploads\/2018\/07\/online-preinscripcion-768x346.jpg 768w, https:\/\/eiposgrados.com\/wp-content\/uploads\/2018\/07\/online-preinscripcion-123x55.jpg 123w, https:\/\/eiposgrados.com\/wp-content\/uploads\/2018\/07\/online-preinscripcion-200x90.jpg 200w, https:\/\/eiposgrados.com\/wp-content\/uploads\/2018\/07\/online-preinscripcion.jpg 1280w\" sizes=\"(max-width: 1024px) 100vw, 1024px\" \/><\/figure>\n<\/div>\n\n\n<p><\/p>\n\n\n\n<p>Our School is developed with totally practical Master&#039;s and Postgraduate Degrees and with the aim of helping all our students to access a job. Our projects take you to a great team made up of academic directors, teachers and non-teaching staff. The majority carry out their work at our offices in Malaga and Madrid, but there are also teachers and advisors who work from home thanks to the online modality.<\/p>\n\n\n\n<p>EIP continues to grow day by day. That is why we are always looking for new talents, people with an interest in education, active and eager to work on a project in full growth and international expansion.<\/p>\n\n\n\n<p>If you want to be part of our team, do not hesitate to send us your resume. We would love to meet you and hear your proposals or projects.<\/p>\n\n\n<div class=\"wpforms-container wpforms-container-full wpforms-container-save-resume wpforms-block\" id=\"wpforms-43446\"><form id=\"wpforms-form-43446\" class=\"wpforms-validate wpforms-form\" data-formid=\"43446\" method=\"post\" enctype=\"multipart\/form-data\" action=\"\/eng\/wp-json\/wp\/v2\/pages\/917?wpforms_form_id=43446\" data-token=\"f2f9fe0b85c512f1fb8bc52bf9367c3c\" data-token-time=\"1776151946\" data-trp-original-action=\"\/eng\/wp-json\/wp\/v2\/pages\/917?wpforms_form_id=43446\"><noscript class=\"wpforms-error-noscript\">Please enable JavaScript in your browser to complete this form.<\/noscript><div class=\"wpforms-field-container\"><div id=\"wpforms-43446-field_1-container\" class=\"wpforms-field wpforms-field-name\" data-field-id=\"1\"><label class=\"wpforms-field-label\">Name <span class=\"wpforms-required-label\">*<\/span><\/label><div class=\"wpforms-field-row wpforms-field-medium\"><div class=\"wpforms-field-row-block wpforms-first wpforms-one-half\"><input type=\"text\" id=\"wpforms-43446-field_1\" class=\"wpforms-field-name-first wpforms-field-required\" name=\"wpforms[fields][1][first]\" required><label for=\"wpforms-43446-field_1\" class=\"wpforms-field-sublabel after\">First<\/label><\/div><div class=\"wpforms-field-row-block wpforms-one-half\"><input type=\"text\" id=\"wpforms-43446-field_1-last\" class=\"wpforms-field-name-last wpforms-field-required\" name=\"wpforms[fields][1][last]\" required><label for=\"wpforms-43446-field_1-last\" class=\"wpforms-field-sublabel after\">Last<\/label><\/div><\/div><\/div><div id=\"wpforms-43446-field_2-container\" class=\"wpforms-field wpforms-field-email\" data-field-id=\"2\"><label class=\"wpforms-field-label\" for=\"wpforms-43446-field_2\">Email <span class=\"wpforms-required-label\">*<\/span><\/label><input type=\"email\" id=\"wpforms-43446-field_2\" class=\"wpforms-field-medium wpforms-field-required\" name=\"wpforms[fields][2]\" spellcheck=\"false\" required><\/div><div id=\"wpforms-43446-field_6-container\" class=\"wpforms-field wpforms-field-textarea\" data-field-id=\"6\"><label class=\"wpforms-field-label\" for=\"wpforms-43446-field_6\">Affair<\/label><textarea id=\"wpforms-43446-field_6\" class=\"wpforms-field-medium\" name=\"wpforms[fields][6]\" ><\/textarea><\/div><div id=\"wpforms-43446-field_3-container\" class=\"wpforms-field wpforms-field-file-upload\" data-field-id=\"3\"><label class=\"wpforms-field-label\" for=\"wpforms-43446-field_3\">Attach CV<\/label><div\n\t\tclass=\"wpforms-uploader\"\n\t\tdata-field-id=\"3\"\n\t\tdata-form-id=\"43446\"\n\t\tdata-input-name=\"wpforms_43446_3\"\n\t\tdata-extensions=\"jpg,jpeg,jpe,png,gif,webp,mov,qt,avif,avi,mpeg,mpg,mpe,3gp,3gpp,3g2,3gp2,mid,midi,pdf,doc,docx,docm,pot,pps,ppt,pptx,pptm,odt,ppsx,ppsm,xla,xls,xlt,xlw,xlsx,xlsm,xlsb,key,mp3,m4a,m4b,ogg,oga,flac,wav,x-wav,mp4,m4v,webm,ogv\"\n\t\tdata-max-size=\"2097152\"\n\t\tdata-max-file-number=\"1\"\n\t\tdata-post-max-size=\"2097152\"\n\t\tdata-max-parallel-uploads=\"4\"\n\t\tdata-parallel-uploads=\"true\"\n\t\tdata-file-chunk-size=\"2097152\">\n\t<div class=\"dz-message\">\n\t\t<svg  viewbox=\"0 0 640 640\" focusable=\"false\" data-icon=\"inbox\" width=\"50px\" height=\"50px\" fill=\"currentColor\" aria-hidden=\"true\">\n\t\t\t<path d=\"M352 173.3L352 384C352 401.7 337.7 416 320 416C302.3 416 288 401.7 288 384L288 173.3L246.6 214.7C234.1 227.2 213.8 227.2 201.3 214.7C188.8 202.2 188.8 181.9 201.3 169.4L297.3 73.4C309.8 60.9 330.1 60.9 342.6 73.4L438.6 169.4C451.1 181.9 451.1 202.2 438.6 214.7C426.1 227.2 405.8 227.2 393.3 214.7L352 173.3zM320 464C364.2 464 400 428.2 400 384L480 384C515.3 384 544 412.7 544 448L544 480C544 515.3 515.3 544 480 544L160 544C124.7 544 96 515.3 96 480L96 448C96 412.7 124.7 384 160 384L240 384C240 428.2 275.8 464 320 464zM464 488C477.3 488 488 477.3 488 464C488 450.7 477.3 440 464 440C450.7 440 440 450.7 440 464C440 477.3 450.7 488 464 488z\"\/>\n\t\t<\/svg>\n\n\t\t<span class=\"modern-title\">\n\t\t\t\t\t\t\tDrag &amp; Drop Files, \t\t\t\t<span>Choose Files to Upload<\/span>\n\t\t\t\t\t<\/span>\n\n\t\t\t<\/div>\n<\/div>\n\n<input\n\t\ttype=\"text\"\n\t\tautocomplete=\"off\"\n\t\treadonly\n\t\tclass=\"dropzone-input\"\n\t\tstyle=\"position:absolute!important;clip:rect(0,0,0,0)!important;height:1px!important;width:1px!important;border:0!important;overflow:hidden!important;padding:0!important;margin:0!important;\"\n\t\tid=\"wpforms-43446-field_3\"\n\t\tname=\"wpforms_43446_3\" \t\tvalue=\"\">\n<\/div><div id=\"wpforms-43446-field_5-container\" class=\"wpforms-field wpforms-field-textarea\" data-field-id=\"5\"><label class=\"wpforms-field-label\" for=\"wpforms-43446-field_5\">Or insert in Text Format<\/label><textarea id=\"wpforms-43446-field_5\" class=\"wpforms-field-medium\" name=\"wpforms[fields][5]\" ><\/textarea><\/div>\t\t<div id=\"wpforms-43446-field_7-container\"\n\t\t\tclass=\"wpforms-field wpforms-field-text\"\n\t\t\tdata-field-type=\"text\"\n\t\t\tdata-field-id=\"7\"\n\t\t\t>\n\t\t\t<label class=\"wpforms-field-label\" for=\"wpforms-43446-field_7\" >Formato  Nombre<\/label>\n\t\t\t<input type=\"text\" id=\"wpforms-43446-field_7\" class=\"wpforms-field-medium\" name=\"wpforms[fields][7]\" >\n\t\t<\/div>\n\t\t<div id=\"wpforms-43446-field_4-container\" class=\"wpforms-field wpforms-field-gdpr-checkbox\" data-field-id=\"4\"><label class=\"wpforms-field-label\">GDPR Agreement  <span class=\"wpforms-required-label\">*<\/span><\/label><ul id=\"wpforms-43446-field_4\" class=\"wpforms-field-required\"><li class=\"choice-1\"><input type=\"checkbox\" id=\"wpforms-43446-field_4_1\" name=\"wpforms[fields][4][]\" value=\"Doy mi consentimiento para que esta web almacene la informaci\u00f3n que env\u00edo para que puedan responder a mi petici\u00f3n. Para m\u00e1s informaci\u00f3n, puede leer nuestra &lt;a class=&quot;link&quot; target=&quot;_blank&quot; href=&quot;https:\/\/eiposgrados.com\/politica-de-privacidad&quot;&gt;Pol\u00edtica de privacidad.&lt;\/a&gt;\" required><label class=\"wpforms-field-label-inline\" for=\"wpforms-43446-field_4_1\">I consent to this website storing the information I submit so they can respond to my request. For more information, you can read our <a class=\"link\" target=\"_blank\" href=\"https:\/\/eiposgrados.com\/eng\/privacy-policy\/\">Privacy Policy.<\/a><\/label><\/li><\/ul><\/div><script>\n\t\t\t\t( function() {\n\t\t\t\t\tconst style = document.createElement( 'style' );\n\t\t\t\t\tstyle.appendChild( document.createTextNode( '#wpforms-43446-field_7-container { position: absolute !important; overflow: hidden !important; display: inline !important; height: 1px !important; width: 1px !important; z-index: -1000 !important; padding: 0 !important; } #wpforms-43446-field_7-container input { visibility: hidden; } #wpforms-conversational-form-page #wpforms-43446-field_7-container label { counter-increment: none; }' ) );\n\t\t\t\t\tdocument.head.appendChild( style );\n\t\t\t\t\tdocument.currentScript?.remove();\n\t\t\t\t} )();\n\t\t\t<\/script><\/div><!-- .wpforms-field-container --><div class=\"wpforms-recaptcha-container wpforms-is-recaptcha wpforms-is-recaptcha-type-v2\" ><div class=\"g-recaptcha\" data-sitekey=\"6LeDV2MUAAAAAD-BgyhlHGFMvj59Nzihc4-szoM3\"><\/div><input type=\"text\" name=\"g-recaptcha-hidden\" class=\"wpforms-recaptcha-hidden\" style=\"position:absolute!important;clip:rect(0,0,0,0)!important;height:1px!important;width:1px!important;border:0!important;overflow:hidden!important;padding:0!important;margin:0!important;\" data-rule-recaptcha=\"1\"><\/div><div class=\"wpforms-submit-container\" ><input type=\"hidden\" name=\"wpforms[id]\" value=\"43446\"><input type=\"hidden\" name=\"page_title\" value=\"\"><input type=\"hidden\" name=\"page_url\" value=\"https:\/\/eiposgrados.com\/eng\/wp-json\/wp\/v2\/pages\/917\"><input type=\"hidden\" name=\"url_referer\" value=\"\"><button type=\"submit\" name=\"wpforms[submit]\" id=\"wpforms-submit-43446\" class=\"wpforms-submit\" data-alt-text=\"Enviando...\" data-submit-text=\"Enviar\" aria-live=\"assertive\" value=\"wpforms-submit\">Send<\/button><\/div><input type=\"hidden\" name=\"trp-form-language\" value=\"eng\"\/><\/form><\/div>  <!-- .wpforms-container -->\n<\/div><\/div>\n<\/div><\/div><\/div>\n<\/div>\n<\/div><\/div>","protected":false},"excerpt":{"rendered":"","protected":false},"author":2,"featured_media":0,"parent":0,"menu_order":0,"comment_status":"closed","ping_status":"closed","template":"","meta":{"inline_featured_image":false,"footnotes":""},"class_list":["post-917","page","type-page","status-publish"],"acf":[],"_links":{"self":[{"href":"https:\/\/eiposgrados.com\/eng\/wp-json\/wp\/v2\/pages\/917","targetHints":{"allow":["GET"]}}],"collection":[{"href":"https:\/\/eiposgrados.com\/eng\/wp-json\/wp\/v2\/pages"}],"about":[{"href":"https:\/\/eiposgrados.com\/eng\/wp-json\/wp\/v2\/types\/page"}],"author":[{"embeddable":true,"href":"https:\/\/eiposgrados.com\/eng\/wp-json\/wp\/v2\/users\/2"}],"replies":[{"embeddable":true,"href":"https:\/\/eiposgrados.com\/eng\/wp-json\/wp\/v2\/comments?post=917"}],"version-history":[{"count":0,"href":"https:\/\/eiposgrados.com\/eng\/wp-json\/wp\/v2\/pages\/917\/revisions"}],"wp:attachment":[{"href":"https:\/\/eiposgrados.com\/eng\/wp-json\/wp\/v2\/media?parent=917"}],"curies":[{"name":"wp","href":"https:\/\/api.w.org\/{rel}","templated":true}]}}