{"id":466,"date":"2018-07-30T11:20:14","date_gmt":"2018-07-30T09:20:14","guid":{"rendered":"http:\/\/beta.eiposgrados.com\/?page_id=466"},"modified":"2024-02-27T10:34:42","modified_gmt":"2024-02-27T09:34:42","slug":"how-to-study-in-eip","status":"publish","type":"page","link":"https:\/\/eiposgrados.com\/eng\/como-se-estudia-en-eip\/","title":{"rendered":"How to study in EIP"},"content":{"rendered":"\n<div class=\"wp-block-cover\" style=\"min-height:40vh;aspect-ratio:unset;\"><span aria-hidden=\"true\" class=\"wp-block-cover__background has-azul-eip-background-color has-background-dim-80 has-background-dim\"><\/span><img fetchpriority=\"high\" decoding=\"async\" width=\"1920\" height=\"1080\" class=\"wp-block-cover__image-background wp-image-76306\" alt=\"Shamin Haky Uhx Ghppcdg Unsplash\" src=\"https:\/\/eiposgrados.com\/wp-content\/uploads\/2023\/01\/shamin-haky-uhx-ghppcdg-unsplash.jpg\" data-object-fit=\"cover\" title=\"\" srcset=\"https:\/\/eiposgrados.com\/wp-content\/uploads\/2023\/01\/shamin-haky-uhx-ghppcdg-unsplash.jpg 1920w, https:\/\/eiposgrados.com\/wp-content\/uploads\/2023\/01\/shamin-haky-uhx-ghppcdg-unsplash-300x169.jpg 300w, https:\/\/eiposgrados.com\/wp-content\/uploads\/2023\/01\/shamin-haky-uhx-ghppcdg-unsplash-1024x576.jpg 1024w, https:\/\/eiposgrados.com\/wp-content\/uploads\/2023\/01\/shamin-haky-uhx-ghppcdg-unsplash-768x432.jpg 768w, https:\/\/eiposgrados.com\/wp-content\/uploads\/2023\/01\/shamin-haky-uhx-ghppcdg-unsplash-293x165.jpg 293w, https:\/\/eiposgrados.com\/wp-content\/uploads\/2023\/01\/shamin-haky-uhx-ghppcdg-unsplash-123x69.jpg 123w, https:\/\/eiposgrados.com\/wp-content\/uploads\/2023\/01\/shamin-haky-uhx-ghppcdg-unsplash-1536x864.jpg 1536w, https:\/\/eiposgrados.com\/wp-content\/uploads\/2023\/01\/shamin-haky-uhx-ghppcdg-unsplash-500x281.jpg 500w, https:\/\/eiposgrados.com\/wp-content\/uploads\/2023\/01\/shamin-haky-uhx-ghppcdg-unsplash-800x450.jpg 800w, https:\/\/eiposgrados.com\/wp-content\/uploads\/2023\/01\/shamin-haky-uhx-ghppcdg-unsplash-1280x720.jpg 1280w, https:\/\/eiposgrados.com\/wp-content\/uploads\/2023\/01\/shamin-haky-uhx-ghppcdg-unsplash-200x113.jpg 200w\" sizes=\"(max-width: 1920px) 100vw, 1920px\" \/><div class=\"wp-block-cover__inner-container is-layout-flow wp-block-cover-is-layout-flow\"><div class=\"gb-container gb-container-11ab40f4\"><div class=\"gb-inside-container\">\n\n<h1 class=\"gb-headline gb-headline-3461ab19 gb-headline-text\" data-aos=\"fade-up\" data-aos-duration=\"1000\">C\u00f3mo se estudia en EIP<\/h1>\n\n\n\n<p class=\"has-text-align-center\" data-aos=\"fade-down\" data-aos-duration=\"1000\">Estudiar online en EIP International Business School es tu acceso asegurado a un empleo de calidad en empresas de primer nivel.<\/p>\n\n<\/div><\/div><\/div><\/div>\n\n\n<div class=\"gb-container gb-container-227ed86f\"><div class=\"gb-inside-container\">\n\n<p class=\"has-text-align-center\" style=\"font-size:16px\" data-aos=\"fade\" data-aos-duration=\"1000\">La&nbsp;<strong>metodolog\u00eda<\/strong>&nbsp;de trabajo es eminentemente pr\u00e1ctica, impulsando la participaci\u00f3n del alumnado y eliminando la barrera de la distancia. Un formato did\u00e1ctico que el alumnado puede compaginar con cualquier actividad paralela.<\/p>\n\n<\/div><\/div>\n\n<div class=\"gb-container gb-container-cf387eea\"><div class=\"gb-inside-container\">\n<div class=\"gb-grid-wrapper gb-grid-wrapper-d0f53eeb\">\n<div class=\"gb-grid-column gb-grid-column-e8671009\"><div class=\"gb-container gb-container-e8671009\"><div class=\"gb-inside-container\">\n\n<h1 class=\"gb-headline gb-headline-9862f7e1 gb-headline-text\" data-aos=\"fade\" data-aos-duration=\"1000\"><strong>Campus virtual EIP<\/strong><\/h1>\n\n\n\n<p>Accede al entorno de aprendizaje desde cualquier&nbsp;<strong>dispositivo<\/strong>&nbsp;con conexi\u00f3n a internet, de forma&nbsp;<strong>flexible e intuitiva<\/strong>:<\/p>\n\n\n\n<ul class=\"wp-block-list\">\n<li>F\u00f3rmate gracias a una&nbsp;<strong>gran variedad de recursos de aprendizaje<\/strong>: clases en directo, casos pr\u00e1cticos, recursos multimedia interactivos\u2026.<\/li>\n\n\n\n<li><strong>Conecta<\/strong>&nbsp;con tus compa\u00f1eros\/as y docentes en&nbsp;<strong>tiempo real<\/strong>, donde est\u00e9s y cuando quieras.<\/li>\n\n\n\n<li><strong>Crece aprendiendo<\/strong>, de la mano de&nbsp;<strong>docentes expertos\/as<\/strong>&nbsp;que te apoyar\u00e1n para que no te detengas.<\/li>\n\n\n\n<li>Conoce en cada momento tu&nbsp;<strong>evoluci\u00f3n<\/strong>&nbsp;en las&nbsp;<strong>competencias clave<\/strong>&nbsp;que necesitar\u00e1s para&nbsp;<strong>destacar<\/strong>&nbsp;en las&nbsp;<strong>empresas<\/strong>.<\/li>\n<\/ul>\n\n<\/div><\/div><\/div>\n\n<div class=\"gb-grid-column gb-grid-column-47434c25\"><div class=\"gb-container gb-container-47434c25\"><div class=\"gb-inside-container\">\n\n<figure class=\"wp-block-embed is-type-video is-provider-youtube wp-block-embed-youtube wp-embed-aspect-16-9 wp-has-aspect-ratio\"><div class=\"wp-block-embed__wrapper\">\n<iframe title=\"Entrevista a Juan Camilo Cifuentes. De las aulas de EIP a las filas de ciberseguridad de Deloitte\" width=\"1200\" height=\"675\" src=\"https:\/\/www.youtube.com\/embed\/LR4vnMyH7M4?feature=oembed\" frameborder=\"0\" allow=\"accelerometer; autoplay; clipboard-write; encrypted-media; gyroscope; picture-in-picture; web-share\" allowfullscreen><\/iframe>\n<\/div><\/figure>\n\n<\/div><\/div><\/div>\n<\/div>\n<\/div><\/div>\n\n<div class=\"gb-container gb-container-e86968e2\"><div class=\"gb-inside-container\">\n<div class=\"gb-grid-wrapper gb-grid-wrapper-378670f5\">\n<div class=\"gb-grid-column gb-grid-column-8b918b22\"><div class=\"gb-container gb-container-8b918b22\"><div class=\"gb-inside-container\">\n\n<h1 class=\"gb-headline gb-headline-649b673f gb-headline-text\" data-aos=\"fade\" data-aos-duration=\"1000\"><strong>Recursos y herramientas<\/strong><\/h1>\n\n\n\n<p>Te facilitamos&nbsp;<strong>recursos pedag\u00f3gicos innovadores<\/strong>&nbsp;para que adquieras todas las&nbsp;<strong>competencias profesionales<\/strong>&nbsp;que necesitas:<\/p>\n\n\n\n<ul class=\"wp-block-list\">\n<li><strong>Videoclases en directo<\/strong>, impartidas por docentes expertos, con los que podr\u00e1s interactuar para resolver todas tus dudas.<\/li>\n\n\n\n<li><strong>Recursos multimedia especializados<\/strong>, en formato v\u00eddeo, podcast, e-book\u2026 Para que puedas consumirlos desde tu m\u00f3vil.<\/li>\n\n\n\n<li><strong>Ejercicios<\/strong>,&nbsp;<strong>simulaciones<\/strong>&nbsp;y&nbsp;<strong>casos pr\u00e1cticos<\/strong>, enfocados a la realidad de las empresas en las que trabajar\u00e1s.<\/li>\n\n\n\n<li><strong>Comunidad virtual<\/strong>&nbsp;para que compartas informaci\u00f3n y experiencias con tus compa\u00f1eros y con el equipo docente.<\/li>\n\n\n\n<li><strong>Proyecto pr\u00e1ctico<\/strong>&nbsp;de implantaci\u00f3n en la empresa, tu mejor carta de presentaci\u00f3n.<\/li>\n<\/ul>\n\n<\/div><\/div><\/div>\n<\/div>\n<\/div><\/div>\n\n<div class=\"gb-container gb-container-1b4539be\"><div class=\"gb-inside-container\">\n<div class=\"gb-grid-wrapper gb-grid-wrapper-79f28817\">\n<div class=\"gb-grid-column gb-grid-column-cb02ac95\"><div class=\"gb-container gb-container-cb02ac95\"><div class=\"gb-inside-container\">\n\n<h1 class=\"gb-headline gb-headline-7d186f76 gb-headline-text\" data-aos=\"fade\" data-aos-duration=\"1000\"><strong>Estamos a tu lado<\/strong><\/h1>\n\n\n\n<p>Todo el equipo estar\u00e1 apoy\u00e1ndote, tu asesor\/a personal, el claustro, responsables de empleo&#8230; Todas estas personas tienen un objetivo com\u00fan:&nbsp;<strong>convertirte en el profesional que quieren las empresas<\/strong>.<\/p>\n\n\n\n<p>Estamos a tu disposici\u00f3n desde todos los medios que puedas necesitar, por tel\u00e9fono, email, a trav\u00e9s del&nbsp;<strong>campus<\/strong>&nbsp;y por&nbsp;<strong>mensajer\u00eda instant\u00e1nea<\/strong>&nbsp;(WhatsApp \/ Telegram).<\/p>\n\n\n\n<div class=\"wp-block-group is-layout-flex wp-block-group-is-layout-flex\">\n<p class=\"has-base-2-background-color has-background\">Email<\/p>\n\n\n\n<p class=\"has-base-2-background-color has-background\">Campus<\/p>\n\n\n\n<p class=\"has-base-2-background-color has-background\">Mensajer\u00eda instant\u00e1nea<\/p>\n<\/div>\n\n<\/div><\/div><\/div>\n\n<div class=\"gb-grid-column gb-grid-column-72b85986\"><div class=\"gb-container gb-container-72b85986\"><div class=\"gb-inside-container\">\n\n<h1 class=\"gb-headline gb-headline-f5ae73f5 gb-headline-text\" data-aos=\"fade\" data-aos-duration=\"1000\"><strong>Evaluaci\u00f3n<\/strong><\/h1>\n\n\n\n<p>Para conseguir que alcances tus objetivos recibir\u00e1s&nbsp;<strong>masterclasses<\/strong>, desarrollar\u00e1s&nbsp;<strong>casos pr\u00e1cticos<\/strong>&nbsp;y&nbsp;<strong>ejercicios reales<\/strong>. Recibir\u00e1s&nbsp;<strong>feedback continuo<\/strong>&nbsp;durante todo el proceso formativo, con un seguimiento personalizado que garantizar\u00e1 que adquieras todas las competencias necesarias.<\/p>\n\n\n\n<p>El trabajo por competencia permite establecer una relaci\u00f3n directa entre el perfil profesional que demandan las empresas, los objetivos de aprendizaje y las actividades a realizar. De esta manera te garantizamos que en todas las asignaturas adquirir\u00e1s competencias clave para tu puesto de trabajo.<\/p>\n\n<\/div><\/div><\/div>\n<\/div>\n<\/div><\/div>\n\n<div class=\"gb-container gb-container-37dfe733\"><div class=\"gb-inside-container\">\n<div class=\"gb-grid-wrapper gb-grid-wrapper-d42d1464\">\n<div class=\"gb-grid-column gb-grid-column-aec4659f\"><div class=\"gb-container gb-container-aec4659f\"><div class=\"gb-inside-container\">\n\n<h1 class=\"gb-headline gb-headline-6dd44f15 gb-headline-text\" data-aos=\"fade\" data-aos-duration=\"1000\"><strong>Garant\u00eda de empleo<\/strong><\/h1>\n\n\n\n<p>No pod\u00edamos dejar de contarte <strong>nuestro principal valor diferencial: la garant\u00eda de empleo<\/strong>. Desde tu primer d\u00eda en la escuela, comenzaremos a trabajar en tu<strong> marca personal y empleabilidad<\/strong>. Por eso, nuestra formaci\u00f3n va m\u00e1s all\u00e1 de conocimientos t\u00e9cnicos, ponemos a tu disposici\u00f3n las mejores<strong> certificaciones profesionales<\/strong> y te conectamos con <strong>empresas de primer nivel<\/strong> demandantes de talento.<\/p>\n\n<\/div><\/div><\/div>\n<\/div>\n<\/div><\/div>\n\n<div class=\"gb-container gb-container-c68e3408 alignfull\"><div class=\"gb-inside-container\">\n<div class=\"gb-grid-wrapper gb-grid-wrapper-42d528e8\">\n<div class=\"gb-grid-column gb-grid-column-147f576f\"><div class=\"gb-container gb-container-147f576f\"><div class=\"gb-inside-container\">\n<div class=\"gb-container gb-container-bd8c14f3\"><div class=\"gb-inside-container\">\n<div class=\"gb-grid-wrapper gb-grid-wrapper-513f3048\">\n<div class=\"gb-grid-column gb-grid-column-16997048\"><div class=\"gb-container gb-container-16997048\"><div class=\"gb-inside-container\">\n<div class=\"gb-button-wrapper gb-button-wrapper-3bf6a750\">\n\n<a class=\"gb-button gb-button-676b644e\" href=\"mailto:info@eiposgrados.com\"><span class=\"gb-icon\"><svg aria-hidden=\"true\" role=\"img\" height=\"1em\" width=\"1em\" viewBox=\"0 0 512 512\" xmlns=\"http:\/\/www.w3.org\/2000\/svg\"><path fill=\"currentColor\" d=\"M464 64H48C21.49 64 0 85.49 0 112v288c0 26.51 21.49 48 48 48h416c26.51 0 48-21.49 48-48V112c0-26.51-21.49-48-48-48zm0 48v40.805c-22.422 18.259-58.168 46.651-134.587 106.49-16.841 13.247-50.201 45.072-73.413 44.701-23.208.375-56.579-31.459-73.413-44.701C106.18 199.465 70.425 171.067 48 152.805V112h416zM48 400V214.398c22.914 18.251 55.409 43.862 104.938 82.646 21.857 17.205 60.134 55.186 103.062 54.955 42.717.231 80.509-37.199 103.053-54.947 49.528-38.783 82.032-64.401 104.947-82.653V400H48z\"><\/path><\/svg><\/span><span class=\"gb-button-text\"><strong>info@eiposgrados.com<\/strong><\/span><\/a>\n\n<\/div>\n<\/div><\/div><\/div>\n\n<div class=\"gb-grid-column gb-grid-column-b1b086f3\"><div class=\"gb-container gb-container-b1b086f3\"><div class=\"gb-inside-container\">\n<div class=\"gb-button-wrapper gb-button-wrapper-b6364f95\">\n\n<a class=\"gb-button gb-button-358a5822\" href=\"tel:+34678848513\"><span class=\"gb-icon\"><svg aria-hidden=\"true\" role=\"img\" height=\"1em\" width=\"1em\" viewBox=\"0 0 448 512\" xmlns=\"http:\/\/www.w3.org\/2000\/svg\"><path fill=\"currentColor\" d=\"M380.9 97.1C339 55.1 283.2 32 223.9 32c-122.4 0-222 99.6-222 222 0 39.1 10.2 77.3 29.6 111L0 480l117.7-30.9c32.4 17.7 68.9 27 106.1 27h.1c122.3 0 224.1-99.6 224.1-222 0-59.3-25.2-115-67.1-157zm-157 341.6c-33.2 0-65.7-8.9-94-25.7l-6.7-4-69.8 18.3L72 359.2l-4.4-7c-18.5-29.4-28.2-63.3-28.2-98.2 0-101.7 82.8-184.5 184.6-184.5 49.3 0 95.6 19.2 130.4 54.1 34.8 34.9 56.2 81.2 56.1 130.5 0 101.8-84.9 184.6-186.6 184.6zm101.2-138.2c-5.5-2.8-32.8-16.2-37.9-18-5.1-1.9-8.8-2.8-12.5 2.8-3.7 5.6-14.3 18-17.6 21.8-3.2 3.7-6.5 4.2-12 1.4-32.6-16.3-54-29.1-75.5-66-5.7-9.8 5.7-9.1 16.3-30.3 1.8-3.7.9-6.9-.5-9.7-1.4-2.8-12.5-30.1-17.1-41.2-4.5-10.8-9.1-9.3-12.5-9.5-3.2-.2-6.9-.2-10.6-.2-3.7 0-9.7 1.4-14.8 6.9-5.1 5.6-19.4 19-19.4 46.3 0 27.3 19.9 53.7 22.6 57.4 2.8 3.7 39.1 59.7 94.8 83.8 35.2 15.2 49 16.5 66.6 13.9 10.7-1.6 32.8-13.4 37.4-26.4 4.6-13 4.6-24.1 3.2-26.4-1.3-2.5-5-3.9-10.5-6.6z\"><\/path><\/svg><\/span><span class=\"gb-button-text\"><strong>+34 678 848 513<\/strong><\/span><\/a>\n\n<\/div>\n<\/div><\/div><\/div>\n\n<div class=\"gb-grid-column gb-grid-column-6f3e9984\"><div class=\"gb-container gb-container-6f3e9984\"><div class=\"gb-inside-container\">\n<div class=\"gb-button-wrapper gb-button-wrapper-26329924\">\n\n<a class=\"gb-button gb-button-bcccc8a6\" href=\"tel:+34900812816\"><span class=\"gb-icon\"><svg aria-hidden=\"true\" role=\"img\" height=\"1em\" width=\"1em\" viewBox=\"0 0 448 512\" xmlns=\"http:\/\/www.w3.org\/2000\/svg\"><path fill=\"currentColor\" d=\"M380.9 97.1C339 55.1 283.2 32 223.9 32c-122.4 0-222 99.6-222 222 0 39.1 10.2 77.3 29.6 111L0 480l117.7-30.9c32.4 17.7 68.9 27 106.1 27h.1c122.3 0 224.1-99.6 224.1-222 0-59.3-25.2-115-67.1-157zm-157 341.6c-33.2 0-65.7-8.9-94-25.7l-6.7-4-69.8 18.3L72 359.2l-4.4-7c-18.5-29.4-28.2-63.3-28.2-98.2 0-101.7 82.8-184.5 184.6-184.5 49.3 0 95.6 19.2 130.4 54.1 34.8 34.9 56.2 81.2 56.1 130.5 0 101.8-84.9 184.6-186.6 184.6zm101.2-138.2c-5.5-2.8-32.8-16.2-37.9-18-5.1-1.9-8.8-2.8-12.5 2.8-3.7 5.6-14.3 18-17.6 21.8-3.2 3.7-6.5 4.2-12 1.4-32.6-16.3-54-29.1-75.5-66-5.7-9.8 5.7-9.1 16.3-30.3 1.8-3.7.9-6.9-.5-9.7-1.4-2.8-12.5-30.1-17.1-41.2-4.5-10.8-9.1-9.3-12.5-9.5-3.2-.2-6.9-.2-10.6-.2-3.7 0-9.7 1.4-14.8 6.9-5.1 5.6-19.4 19-19.4 46.3 0 27.3 19.9 53.7 22.6 57.4 2.8 3.7 39.1 59.7 94.8 83.8 35.2 15.2 49 16.5 66.6 13.9 10.7-1.6 32.8-13.4 37.4-26.4 4.6-13 4.6-24.1 3.2-26.4-1.3-2.5-5-3.9-10.5-6.6z\"><\/path><\/svg><\/span><span class=\"gb-button-text\"><strong>+34 900 812 816<\/strong><\/span><\/a>\n\n<\/div>\n<\/div><\/div><\/div>\n<\/div>\n<\/div><\/div>\n<\/div><\/div><\/div>\n\n<div class=\"gb-grid-column gb-grid-column-5247ea41\"><div class=\"gb-container gb-container-5247ea41\"><div class=\"gb-inside-container\">\n\n<h2 class=\"gb-headline gb-headline-c8f52279 gb-headline-text\">Convi\u00e9rtete en el\/la profesional que quieren las empresas<\/h2>\n\n\n<div class=\"gb-button-wrapper gb-button-wrapper-6a3c02f6\">\n\n<a class=\"gb-button gb-button-8ca87029 gb-button-text\" href=\"https:\/\/eiposgrados.com\/somos-escuela\/empresas-colaboradoras\/\"><strong>VER EMPRESAS COLABORADORAS<\/strong><\/a>\n\n<\/div>\n<\/div><\/div><\/div>\n<\/div>\n<\/div><\/div>\n\n\n<style>\n\n.entry-content > [class*=\"wp-block-\"]:not(:last-child):not(.wp-block-heading) {\n    margin-bottom: 0;\n}\n.site-main .wp-block-group__inner-container {\n    padding: 0;\n}\n\n.entry-content > [class*=\"wp-block-\"]:not(:last-child) {\n    margin-bottom: 0;\n}\n\n:where(.wp-block-columns.is-layout-flex) {\n    gap: 0em;\n}\n\n.wp-block-columns {\n    margin-bottom: 0;\n}\n<\/style>\n","protected":false},"excerpt":{"rendered":"<p>The work methodology is eminently practical, promoting student participation and eliminating the barrier of distance. A didactic format that students can combine\u2026 <a title=\"How to study in EIP\" class=\"read-more\" href=\"https:\/\/eiposgrados.com\/eng\/como-se-estudia-en-eip\/\" aria-label=\"Read more about How to study in EIP\">Read more<\/a><\/p>","protected":false},"author":2,"featured_media":0,"parent":0,"menu_order":0,"comment_status":"closed","ping_status":"closed","template":"","meta":{"inline_featured_image":false,"footnotes":""},"class_list":["post-466","page","type-page","status-publish"],"acf":[],"_links":{"self":[{"href":"https:\/\/eiposgrados.com\/eng\/wp-json\/wp\/v2\/pages\/466","targetHints":{"allow":["GET"]}}],"collection":[{"href":"https:\/\/eiposgrados.com\/eng\/wp-json\/wp\/v2\/pages"}],"about":[{"href":"https:\/\/eiposgrados.com\/eng\/wp-json\/wp\/v2\/types\/page"}],"author":[{"embeddable":true,"href":"https:\/\/eiposgrados.com\/eng\/wp-json\/wp\/v2\/users\/2"}],"replies":[{"embeddable":true,"href":"https:\/\/eiposgrados.com\/eng\/wp-json\/wp\/v2\/comments?post=466"}],"version-history":[{"count":0,"href":"https:\/\/eiposgrados.com\/eng\/wp-json\/wp\/v2\/pages\/466\/revisions"}],"wp:attachment":[{"href":"https:\/\/eiposgrados.com\/eng\/wp-json\/wp\/v2\/media?parent=466"}],"curies":[{"name":"wp","href":"https:\/\/api.w.org\/{rel}","templated":true}]}}