{"id":12431,"date":"2020-05-01T11:13:16","date_gmt":"2020-05-01T09:13:16","guid":{"rendered":"https:\/\/eiposgrados.com\/?page_id=12431"},"modified":"2022-11-28T12:47:44","modified_gmt":"2022-11-28T11:47:44","slug":"request-information-certifications","status":"publish","type":"page","link":"https:\/\/eiposgrados.com\/eng\/solicita-informacion-certificaciones\/","title":{"rendered":"Request information Certifications"},"content":{"rendered":"<div class=\"wpforms-container wpforms-container-full wpforms-container-save-resume\" id=\"wpforms-12818\"><form id=\"wpforms-form-12818\" class=\"wpforms-validate wpforms-form\" data-formid=\"12818\" method=\"post\" enctype=\"multipart\/form-data\" action=\"\/eng\/wp-json\/wp\/v2\/pages\/12431\" data-token=\"0f33f1fe606c9357002cba761ae32b98\" data-token-time=\"1777229047\"><noscript class=\"wpforms-error-noscript\">Please enable JavaScript in your browser to complete this form.<\/noscript><div class=\"wpforms-field-container\"><div id=\"wpforms-12818-field_1-container\" class=\"wpforms-field wpforms-field-text\" data-field-id=\"1\"><label class=\"wpforms-field-label wpforms-label-hide\" for=\"wpforms-12818-field_1\">Nombre y apellidos <span class=\"wpforms-required-label\">*<\/span><\/label><input type=\"text\" id=\"wpforms-12818-field_1\" class=\"wpforms-field-large wpforms-field-required\" name=\"wpforms[fields][1]\" placeholder=\"Nombre y apellidos*\" required><\/div><div id=\"wpforms-12818-field_3-container\" class=\"wpforms-field wpforms-field-email\" data-field-id=\"3\"><label class=\"wpforms-field-label wpforms-label-hide\" for=\"wpforms-12818-field_3\">Email de contacto <span class=\"wpforms-required-label\">*<\/span><\/label><input type=\"email\" id=\"wpforms-12818-field_3\" class=\"wpforms-field-large wpforms-field-required\" name=\"wpforms[fields][3]\" placeholder=\"Email*\" spellcheck=\"false\" required><\/div><div id=\"wpforms-12818-field_12-container\" class=\"wpforms-field wpforms-field-text\" data-field-id=\"12\"><label class=\"wpforms-field-label wpforms-label-hide\" for=\"wpforms-12818-field_12\">Tel\u00e9fono de contacto <span class=\"wpforms-required-label\">*<\/span><\/label><input type=\"text\" id=\"wpforms-12818-field_12\" class=\"wpforms-field-large wpforms-field-required\" name=\"wpforms[fields][12]\" placeholder=\"Tel\u00e9fono de contacto*\" required><\/div><div id=\"wpforms-12818-field_5-container\" class=\"wpforms-field wpforms-field-select wpforms-field-select-style-classic\" data-field-id=\"5\"><label class=\"wpforms-field-label wpforms-label-hide\" for=\"wpforms-12818-field_5\">Actualmente... <span class=\"wpforms-required-label\">*<\/span><\/label><select id=\"wpforms-12818-field_5\" class=\"wpforms-field-large wpforms-field-required\" name=\"wpforms[fields][5]\" required=\"required\"><option value=\"\" class=\"placeholder\" disabled  selected='selected'>Actualmente...*<\/option><option value=\"Estoy en b\u00fasqueda activa de empleo\"  class=\"choice-1 depth-1\"  >Estoy en b\u00fasqueda activa de empleo<\/option><option value=\"Estoy trabajando por cuenta propia\"  class=\"choice-2 depth-1\"  >Estoy trabajando por cuenta propia<\/option><option value=\"Estoy trabajando por cuenta ajena\"  class=\"choice-3 depth-1\"  >Estoy trabajando por cuenta ajena<\/option><\/select><\/div><div id=\"wpforms-12818-field_4-container\" class=\"wpforms-field wpforms-field-select wpforms-field-select-style-classic\" data-field-id=\"4\"><label class=\"wpforms-field-label wpforms-label-hide\" for=\"wpforms-12818-field_4\">\u00bfQu\u00e9 estudios est\u00e1s cursando o has finalizado? <span class=\"wpforms-required-label\">*<\/span><\/label><select id=\"wpforms-12818-field_4\" class=\"wpforms-field-large wpforms-field-required\" name=\"wpforms[fields][4]\" required=\"required\"><option value=\"\" class=\"placeholder\" disabled  selected='selected'>Titulaci\u00f3n universitaria*<\/option><option value=\"Artes y Humanidades\"  class=\"choice-7 depth-1\"  >Artes y Humanidades<\/option><option value=\"Arquitectura\"  class=\"choice-10 depth-1\"  >Arquitectura<\/option><option value=\"Ciencias de la Salud\"  class=\"choice-4 depth-1\"  >Ciencias de la Salud<\/option><option value=\"Ciencias Sociales y del Trabajo\"  class=\"choice-2 depth-1\"  >Ciencias Sociales y del Trabajo<\/option><option value=\"Derecho\"  class=\"choice-3 depth-1\"  >Derecho<\/option><option value=\"Dise\u00f1o\"  class=\"choice-8 depth-1\"  >Dise\u00f1o<\/option><option value=\"Econom\u00eda y Empresa\"  class=\"choice-5 depth-1\"  >Econom\u00eda y Empresa<\/option><option value=\"Educaci\u00f3n\"  class=\"choice-9 depth-1\"  >Educaci\u00f3n<\/option><option value=\"Ingenier\u00eda y Tecnolog\u00eda\"  class=\"choice-1 depth-1\"  >Ingenier\u00eda y Tecnolog\u00eda<\/option><option value=\"Marketing y Comunicaci\u00f3n\"  class=\"choice-6 depth-1\"  >Marketing y Comunicaci\u00f3n<\/option><\/select><\/div><div id=\"wpforms-12818-field_8-container\" class=\"wpforms-field wpforms-field-text\" data-field-id=\"8\"><label class=\"wpforms-field-label wpforms-label-hide\" for=\"wpforms-12818-field_8\">\u00bfDe d\u00f3nde eres? <span class=\"wpforms-required-label\">*<\/span><\/label><input type=\"text\" id=\"wpforms-12818-field_8\" class=\"wpforms-field-large wpforms-field-required\" name=\"wpforms[fields][8]\" placeholder=\"Pa\u00eds*\" required><\/div><div id=\"wpforms-12818-field_7-container\" class=\"wpforms-field wpforms-field-select wpforms-field-select-style-classic\" data-field-id=\"7\"><label class=\"wpforms-field-label wpforms-label-hide\" for=\"wpforms-12818-field_7\">Solicito informaci\u00f3n al departamento de admisiones para informarme sobre: <span class=\"wpforms-required-label\">*<\/span><\/label><select id=\"wpforms-12818-field_7\" class=\"wpforms-field-large wpforms-field-required\" name=\"wpforms[fields][7]\" required=\"required\"><option value=\"\" class=\"placeholder\" disabled  selected='selected'>Solicito informaci\u00f3n para:*<\/option><option value=\"Contenido, metodolog\u00eda, evaluaci\u00f3n y duraci\u00f3n\"  class=\"choice-1 depth-1\"  >Contenido, metodolog\u00eda, evaluaci\u00f3n y duraci\u00f3n<\/option><option value=\"Precios mensuales, becas y formas de pago\"  class=\"choice-2 depth-1\"  >Precios mensuales, becas y formas de pago<\/option><option value=\"Salidas profesionales\"  class=\"choice-3 depth-1\"  >Salidas profesionales<\/option><\/select><\/div><div id=\"wpforms-12818-field_13-container\" class=\"wpforms-field wpforms-field-select wpforms-field-select-style-classic\" data-field-id=\"13\"><label class=\"wpforms-field-label wpforms-label-hide\" for=\"wpforms-12818-field_13\">Quiero recibir informaci\u00f3n sobre <span class=\"wpforms-required-label\">*<\/span><\/label><select id=\"wpforms-12818-field_13\" class=\"wpforms-field-large wpforms-field-required\" name=\"wpforms[fields][13]\" required=\"required\"><option value=\"\" class=\"placeholder\" disabled  selected='selected'>Elige tu certificaci\u00f3n*<\/option><option value=\"Test of English for International Communication (TOEIC)\"  class=\"choice-8 depth-1\"  >Test of English for International Communication (TOEIC)<\/option><option value=\"Cerificado oficial Sage NominaPlus\"  class=\"choice-10 depth-1\"  >Cerificado oficial Sage NominaPlus<\/option><option value=\"Cerificado oficial Sage 50cloud\"  class=\"choice-9 depth-1\"  >Cerificado oficial Sage 50cloud<\/option><option value=\"Certificado Microsoft Office Specialist\"  class=\"choice-16 depth-1\"  >Certificado Microsoft Office Specialist<\/option><option value=\"Cerificado oficial Scrum Master (pr\u00f3ximamente)\"  class=\"choice-11 depth-1\"  >Cerificado oficial Scrum Master (pr\u00f3ximamente)<\/option><option value=\"EC-Council Certificado Hacker \u00c9tico (pr\u00f3ximamente)\"  class=\"choice-14 depth-1\"  >EC-Council Certificado Hacker \u00c9tico (pr\u00f3ximamente)<\/option><option value=\"Adobe Certified Expert Adobe Photoshop (pr\u00f3ximamente)\"  class=\"choice-15 depth-1\"  >Adobe Certified Expert Adobe Photoshop (pr\u00f3ximamente)<\/option><option value=\"Certificado Google Analytics IQ (pr\u00f3ximamente)\"  class=\"choice-21 depth-1\"  >Certificado Google Analytics IQ (pr\u00f3ximamente)<\/option><option value=\"Certificado Google Ads Search Certification (pr\u00f3ximamente)\"  class=\"choice-20 depth-1\"  >Certificado Google Ads Search Certification (pr\u00f3ximamente)<\/option><option value=\"Certificado Delegado de Protecci\u00f3n de Datos (pr\u00f3ximamente)\"  class=\"choice-13 depth-1\"  >Certificado Delegado de Protecci\u00f3n de Datos (pr\u00f3ximamente)<\/option><option value=\"LEED Accredited Professional (pr\u00f3ximamente)\"  class=\"choice-22 depth-1\"  >LEED Accredited Professional (pr\u00f3ximamente)<\/option><option value=\"Autodesk Revit Certified User\"  class=\"choice-17 depth-1\"  >Autodesk Revit Certified User<\/option><\/select><\/div><div id=\"wpforms-12818-field_17-container\" class=\"wpforms-field wpforms-field-html\" data-field-id=\"17\"><div id=\"wpforms-12818-field_17\"><span style=\"font-size: 12px; padding: 0;\">* Campos obligatorios<\/span><\/div><\/div><div id=\"wpforms-12818-field_10-container\" class=\"wpforms-field wpforms-field-checkbox acuerdo-gdpr\" data-field-id=\"10\"><label class=\"wpforms-field-label wpforms-label-hide\">Acepto que mis datos personales sean tratados conforme a la pol\u00edtica de privacidad <span class=\"wpforms-required-label\">*<\/span><\/label><ul id=\"wpforms-12818-field_10\" class=\"wpforms-field-required\"><li class=\"choice-1 depth-1\"><input type=\"checkbox\" id=\"wpforms-12818-field_10_1\" name=\"wpforms[fields][10][]\" value=\"*Doy mi consentimiento expreso y acepto la &lt;a href=&quot;\/legal\/politica-de-privacidad\/&quot;&gt;pol\u00edtica de privacidad.&lt;\/a&gt;\" required ><label class=\"wpforms-field-label-inline\" for=\"wpforms-12818-field_10_1\">*Doy mi consentimiento expreso y acepto la <a href=\"\/legal\/politica-de-privacidad\/\">pol\u00edtica de privacidad.<\/a><\/label><\/li><\/ul><div class=\"wpforms-field-description\">EIP International Business School te informa que los datos del presente formulario sera\u0301n tratados por Mainjobs Internacional Educativa y Tecnol\u00f3gica, S. A.. como responsable de esta web. La finalidad de la recogida y tratamiento de los datos personales es para dar respuesta a la consulta realizada asi\u0301 como para el envi\u0301o de informacio\u0301n de los servicios del responsable del tratamiento. La legitimacio\u0301n es el consentimiento del interesado.<br\/>\r\nPodra\u0301s ejercer tus derechos de acceso, rectificacio\u0301n, limitacio\u0301n y suprimir los datos en <a href=\"mailto:cumplimiento@mainfor.edu.es\">cumplimiento@mainfor.edu.es<\/a> asi\u0301 como el derecho a presentar una reclamacio\u0301n ante la autoridad de control. Puedes consultar la informacio\u0301n adicional y detallada sobre Proteccio\u0301n de datos en la Poli\u0301tica de Privacidad que encontrara\u0301s en nuestra pa\u0301gina web eiposgrados.edu.es.<\/div><\/div><div id=\"wpforms-12818-field_18-container\" class=\"wpforms-field wpforms-field-hidden\" data-field-id=\"18\"><input type=\"hidden\" id=\"wpforms-12818-field_18\" name=\"wpforms[fields][18]\" value=\"{unique_id}\"><\/div><div id=\"wpforms-12818-field_19-container\" class=\"wpforms-field wpforms-field-hidden\" data-field-id=\"19\"><input type=\"hidden\" id=\"wpforms-12818-field_19\" name=\"wpforms[fields][19]\" value=\"Contacto_certificaciones\"><\/div><div id=\"wpforms-12818-field_20-container\" class=\"wpforms-field wpforms-field-hidden\" data-field-id=\"20\"><input type=\"hidden\" id=\"wpforms-12818-field_20\" name=\"wpforms[fields][20]\"><\/div><div id=\"wpforms-12818-field_21-container\" class=\"wpforms-field wpforms-field-hidden hidden_source ck_source\" data-field-id=\"21\"><input type=\"hidden\" id=\"wpforms-12818-field_21\" name=\"wpforms[fields][21]\"><\/div><div id=\"wpforms-12818-field_22-container\" class=\"wpforms-field wpforms-field-hidden hidden_medium ck_medium\" data-field-id=\"22\"><input type=\"hidden\" id=\"wpforms-12818-field_22\" name=\"wpforms[fields][22]\"><\/div><div id=\"wpforms-12818-field_23-container\" class=\"wpforms-field wpforms-field-hidden hidden_campaign ck_campaign\" data-field-id=\"23\"><input type=\"hidden\" id=\"wpforms-12818-field_23\" name=\"wpforms[fields][23]\"><\/div><div id=\"wpforms-12818-field_24-container\" class=\"wpforms-field wpforms-field-hidden\" data-field-id=\"24\"><input type=\"hidden\" id=\"wpforms-12818-field_24\" name=\"wpforms[fields][24]\" value=\"https:\/\/eiposgrados.com\/eng\/wp-json\/wp\/v2\/pages\/12431\"><\/div><\/div><!-- .wpforms-field-container --><div class=\"wpforms-field wpforms-field-hp\"><label for=\"wpforms-12818-field-hp\" class=\"wpforms-field-label\">Name<\/label><input type=\"text\" name=\"wpforms[hp]\" id=\"wpforms-12818-field-hp\" class=\"wpforms-field-medium\"><\/div><div class=\"wpforms-submit-container\" ><input type=\"hidden\" name=\"wpforms[id]\" value=\"12818\"><input type=\"hidden\" name=\"page_title\" value=\"\"><input type=\"hidden\" name=\"page_url\" value=\"https:\/\/eiposgrados.com\/eng\/wp-json\/wp\/v2\/pages\/12431\"><input type=\"hidden\" name=\"url_referer\" value=\"\"><button type=\"submit\" name=\"wpforms[submit]\" id=\"wpforms-submit-12818\" class=\"wpforms-submit BtnFormulario cta-info\" data-alt-text=\"Enviando\" data-submit-text=\"Quiero informarme sin compromiso\" aria-live=\"assertive\" value=\"wpforms-submit\">Quiero informarme sin compromiso<\/button><\/div><\/form><\/div>  <!-- .wpforms-container -->\n\n\n<style>\n.entry-title {\n  margin-bottom: 0px;\n  margin-top: 50px!important;\n}\n<\/style>\n","protected":false},"excerpt":{"rendered":"","protected":false},"author":32,"featured_media":0,"parent":0,"menu_order":0,"comment_status":"closed","ping_status":"closed","template":"","meta":{"inline_featured_image":false,"footnotes":""},"class_list":["post-12431","page","type-page","status-publish"],"acf":[],"_links":{"self":[{"href":"https:\/\/eiposgrados.com\/eng\/wp-json\/wp\/v2\/pages\/12431","targetHints":{"allow":["GET"]}}],"collection":[{"href":"https:\/\/eiposgrados.com\/eng\/wp-json\/wp\/v2\/pages"}],"about":[{"href":"https:\/\/eiposgrados.com\/eng\/wp-json\/wp\/v2\/types\/page"}],"author":[{"embeddable":true,"href":"https:\/\/eiposgrados.com\/eng\/wp-json\/wp\/v2\/users\/32"}],"replies":[{"embeddable":true,"href":"https:\/\/eiposgrados.com\/eng\/wp-json\/wp\/v2\/comments?post=12431"}],"version-history":[{"count":0,"href":"https:\/\/eiposgrados.com\/eng\/wp-json\/wp\/v2\/pages\/12431\/revisions"}],"wp:attachment":[{"href":"https:\/\/eiposgrados.com\/eng\/wp-json\/wp\/v2\/media?parent=12431"}],"curies":[{"name":"wp","href":"https:\/\/api.w.org\/{rel}","templated":true}]}}